{"id":2834,"date":"2023-06-15T17:27:26","date_gmt":"2023-06-15T15:27:26","guid":{"rendered":"https:\/\/riedel-schatz.de\/?page_id=2834"},"modified":"2025-03-28T16:12:19","modified_gmt":"2025-03-28T14:12:19","slug":"impressum-new","status":"publish","type":"page","link":"https:\/\/riedel-schatz.de\/?page_id=2834","title":{"rendered":"Impressum"},"content":{"rendered":"\t\t<div data-elementor-type=\"wp-page\" data-elementor-id=\"2834\" class=\"elementor elementor-2834\">\n\t\t\t\t\t\t\t<div class=\"elementor-element elementor-element-a22e35f e-flex e-con-boxed e-con\" data-id=\"a22e35f\" data-element_type=\"container\" data-settings=\"{&quot;content_width&quot;:&quot;boxed&quot;}\">\n\t\t\t\t\t<div class=\"e-con-inner\">\n\t\t<div class=\"elementor-element elementor-element-d35452b e-flex e-con-boxed e-con\" data-id=\"d35452b\" data-element_type=\"container\" data-settings=\"{&quot;content_width&quot;:&quot;boxed&quot;}\">\n\t\t\t\t\t<div class=\"e-con-inner\">\n\t\t\t\t<div class=\"elementor-element elementor-element-702dadf jltma-glass-effect-no elementor-widget elementor-widget-heading\" data-id=\"702dadf\" data-element_type=\"widget\" data-widget_type=\"heading.default\">\n\t\t\t\t<div class=\"elementor-widget-container\">\n\t\t\t<style>\/*! elementor - v3.15.0 - 20-08-2023 *\/\n.elementor-heading-title{padding:0;margin:0;line-height:1}.elementor-widget-heading .elementor-heading-title[class*=elementor-size-]>a{color:inherit;font-size:inherit;line-height:inherit}.elementor-widget-heading .elementor-heading-title.elementor-size-small{font-size:15px}.elementor-widget-heading .elementor-heading-title.elementor-size-medium{font-size:19px}.elementor-widget-heading .elementor-heading-title.elementor-size-large{font-size:29px}.elementor-widget-heading .elementor-heading-title.elementor-size-xl{font-size:39px}.elementor-widget-heading .elementor-heading-title.elementor-size-xxl{font-size:59px}<\/style><h2 class=\"elementor-heading-title elementor-size-default\">Impressum<\/h2>\t\t<\/div>\n\t\t\t\t<\/div>\n\t\t\t\t\t<\/div>\n\t\t\t\t<\/div>\n\t\t\t\t<div class=\"elementor-element elementor-element-e33e6a6 jltma-glass-effect-no elementor-widget elementor-widget-text-editor\" data-id=\"e33e6a6\" data-element_type=\"widget\" data-widget_type=\"text-editor.default\">\n\t\t\t\t<div class=\"elementor-widget-container\">\n\t\t\t<style>\/*! elementor - v3.15.0 - 20-08-2023 *\/\n.elementor-widget-text-editor.elementor-drop-cap-view-stacked .elementor-drop-cap{background-color:#69727d;color:#fff}.elementor-widget-text-editor.elementor-drop-cap-view-framed .elementor-drop-cap{color:#69727d;border:3px solid;background-color:transparent}.elementor-widget-text-editor:not(.elementor-drop-cap-view-default) .elementor-drop-cap{margin-top:8px}.elementor-widget-text-editor:not(.elementor-drop-cap-view-default) .elementor-drop-cap-letter{width:1em;height:1em}.elementor-widget-text-editor .elementor-drop-cap{float:left;text-align:center;line-height:1;font-size:50px}.elementor-widget-text-editor .elementor-drop-cap-letter{display:inline-block}<\/style>\t\t\t\t<p><strong>Riedel-Schatz<\/strong><br \/>B\u00fcro Adresse<br \/>Leopoldstr. 26<br \/>76275 Ettlingen<br \/>Web:\u00a0<a title=\"Riedel-Schatz\" href=\"http:\/\/www.riedel-schatz.de\/\">www.riedel-schatz.de<\/a><br \/>E-Mail:\u00a0<a title=\"Riedel-Schatz\" href=\"mailto:info@riedel-schatz-buero.de\">info@riedel-schatz-buero.de<\/a><\/p><p>Umsatzsteuer-ID: DE 189716929<\/p><p><strong><br \/>Printmediengestaltung, Design und Programmierung:<br \/><\/strong><\/p><p>The \u00a0Fresh Design Company<\/p><p>www.fresh-design.co<\/p>\t\t\t\t\t\t<\/div>\n\t\t\t\t<\/div>\n\t\t\t\t<div class=\"elementor-element elementor-element-4788804 jltma-glass-effect-no elementor-widget elementor-widget-image\" data-id=\"4788804\" data-element_type=\"widget\" data-widget_type=\"image.default\">\n\t\t\t\t<div class=\"elementor-widget-container\">\n\t\t\t<style>\/*! elementor - v3.15.0 - 20-08-2023 *\/\n.elementor-widget-image{text-align:center}.elementor-widget-image a{display:inline-block}.elementor-widget-image a img[src$=\".svg\"]{width:48px}.elementor-widget-image img{vertical-align:middle;display:inline-block}<\/style>\t\t\t\t\t\t\t\t\t\t\t\t<img decoding=\"async\" width=\"300\" height=\"132\" src=\"https:\/\/riedel-schatz.de\/wp-content\/uploads\/2016\/08\/Fresh-Design-Logo-New-copy-300x132.png\" class=\"attachment-medium size-medium wp-image-1344\" alt=\"\" loading=\"lazy\" srcset=\"https:\/\/riedel-schatz.de\/wp-content\/uploads\/2016\/08\/Fresh-Design-Logo-New-copy-300x132.png 300w, https:\/\/riedel-schatz.de\/wp-content\/uploads\/2016\/08\/Fresh-Design-Logo-New-copy-200x88.png 200w, https:\/\/riedel-schatz.de\/wp-content\/uploads\/2016\/08\/Fresh-Design-Logo-New-copy-400x176.png 400w, https:\/\/riedel-schatz.de\/wp-content\/uploads\/2016\/08\/Fresh-Design-Logo-New-copy.png 600w\" sizes=\"(max-width: 300px) 100vw, 300px\" \/>\t\t\t\t\t\t\t\t\t\t\t\t\t\t\t<\/div>\n\t\t\t\t<\/div>\n\t\t\t\t<div class=\"elementor-element elementor-element-f91b95c jltma-glass-effect-no elementor-widget elementor-widget-text-editor\" data-id=\"f91b95c\" data-element_type=\"widget\" data-widget_type=\"text-editor.default\">\n\t\t\t\t<div class=\"elementor-widget-container\">\n\t\t\t\t\t\t\t<p><strong>Bildernachweis<\/strong><\/p><p>Wir danken alle unseren Lieferanten f\u00fcr die freundliche zur Verf\u00fcgungstellung des Bildmaterials<\/p><p>\u00a0<\/p><p><strong>Haftungsausschluss<\/strong><\/p><p>Bei direkten oder indirekten Verweisen auf fremde Webseiten (\u201cHyperlinks\u201d), die au\u00dferhalb des Verantwortungsbereiches des Autors liegen, w\u00fcrde eine Haftungsverpflichtung ausschlie\u00dflich in dem Fall in Kraft treten, in dem der Autor von den Inhalten Kenntnis hat und es ihm technisch m\u00f6glich und zumutbar w\u00e4re, die Nutzung im Falle rechtswidriger Inhalte zu verhindern. Der Autor erkl\u00e4rt hiermit ausdr\u00fccklich, dass zum Zeitpunkt der Linksetzung keine illegalen Inhalte auf den zu verlinkenden Seiten erkennbar waren. Auf die aktuelle und zuk\u00fcnftige Gestaltung, die Inhalte oder die Urheberschaft der verlinkten\/verkn\u00fcpften Seiten hat der Autor keinerlei Einfluss. Deshalb distanziert er sich hiermit ausdr\u00fccklich von allen Inhalten aller verlinkten \/verkn\u00fcpften Seiten, die nach der Linksetzung ver\u00e4ndert wurden. Diese Feststellung gilt f\u00fcr alle innerhalb des eigenen Internetangebotes gesetzten Links und Verweise sowie f\u00fcr Fremdeintr\u00e4ge in vom Autor eingerichteten G\u00e4steb\u00fcchern, Diskussionsforen, Linkverzeichnissen, Mailinglisten und in allen anderen Formen von Datenbanken, auf deren Inhalt externe Schreibzugriffe m\u00f6glich sind. F\u00fcr illegale, fehlerhafte oder unvollst\u00e4ndige Inhalte und insbesondere f\u00fcr Sch\u00e4den, die aus der Nutzung oder Nichtnutzung solcherart dargebotener Informationen entstehen, haftet allein der Anbieter der Seite, auf welche verwiesen wurde, nicht derjenige, der \u00fcber Links auf die jeweilige Ver\u00f6ffentlichung lediglich verweist.<\/p><p>\u00a0<\/p><p><strong>Urheber- und Kennzeichenrecht<\/strong><\/p><p>Der Autor ist bestrebt, in allen Publikationen die Urheberrechte der verwendeten Bilder, Grafiken, Tondokumente, Videosequenzen und Texte zu beachten, von ihm selbst erstellte Bilder, Grafiken, Tondokumente, Videosequenzen und Texte zu nutzen oder auf lizenzfreie Grafiken, Tondokumente, Videosequenzen und Texte zur\u00fcckzugreifen. Alle innerhalb des Internetangebotes genannten und ggf. durch Dritte gesch\u00fctzten Marken- und Warenzeichen unterliegen uneingeschr\u00e4nkt den Bestimmungen des jeweils g\u00fcltigen Kennzeichenrechts und den Besitzrechten der jeweiligen eingetragenen Eigent\u00fcmer. Allein aufgrund der blo\u00dfen Nennung ist nicht der Schluss zu ziehen, dass Markenzeichen nicht durch Rechte Dritter gesch\u00fctzt sind! Das Copyright f\u00fcr ver\u00f6ffentlichte, vom Autor selbst erstellte Objekte bleibt allein beim Autor der Seiten. Eine Vervielf\u00e4ltigung oder Verwendung solcher Grafiken, Tondokumente, Videosequenzen und Texte in anderen elektronischen oder gedruckten Publikationen ist ohne ausdr\u00fcckliche Zustimmung des Autors nicht gestattet. Inhaltlich verantwortlich gem\u00e4\u00df \u00a7 5 TMG sind , Kontaktdaten siehe oben.<\/p><p>\u00a0<\/p><p><b>Zust\u00e4ndige Verbraucherschlichtungsstelle:<\/b><\/p><p>Allgemeine Verbraucherschlichtungsstelle<br \/>des Zentrums f\u00fcr Schlichtung e.V.<br \/>Stra\u00dfburger Stra\u00dfe 8<br \/>77694 Kehl am Rhein<\/p><p>www.verbraucher-schlichter.de<\/p><p>Wir erkl\u00e4ren jedoch hiermit, zur Teilnahme an einem Streitbeilegungsverfahren weder bereit noch verpflichtet zu sein.<\/p>\t\t\t\t\t\t<\/div>\n\t\t\t\t<\/div>\n\t\t\t\t\t<\/div>\n\t\t\t\t<\/div>\n\t\t\t\t\t\t\t<\/div>\n\t\t","protected":false},"excerpt":{"rendered":"<p>Impressum Riedel-Schatz B\u00fcro Adresse Leopoldstr. 26 76275 Ettlingen Web:&nbsp;www.riedel-schatz.de E-Mail:&nbsp;info@riedel-schatz-buero.de Umsatzsteuer-ID: DE 189716929 Printmediengestaltung, Design und Programmierung: The &nbsp;Fresh Design Company www.fresh-design.co Bildernachweis Wir danken alle unseren Lieferanten f\u00fcr die freundliche zur Verf\u00fcgungstellung des Bildmaterials Haftungsausschluss Bei direkten oder indirekten Verweisen auf fremde Webseiten (\u201cHyperlinks\u201d), die au\u00dferhalb des Verantwortungsbereiches des Autors liegen, w\u00fcrde eine Haftungsverpflichtung &hellip;<\/p>\n<p class=\"read-more\"> <a class=\"\" href=\"https:\/\/riedel-schatz.de\/?page_id=2834\"> <span class=\"screen-reader-text\">Impressum<\/span> Weiterlesen &raquo;<\/a><\/p>\n","protected":false},"author":32,"featured_media":0,"parent":0,"menu_order":0,"comment_status":"closed","ping_status":"closed","template":"elementor_header_footer","meta":{"_monsterinsights_skip_tracking":false,"_monsterinsights_sitenote_active":false,"_monsterinsights_sitenote_note":"","_monsterinsights_sitenote_category":0,"site-sidebar-layout":"default","site-content-layout":"default","ast-global-header-display":"","ast-banner-title-visibility":"","ast-main-header-display":"","ast-hfb-above-header-display":"","ast-hfb-below-header-display":"","ast-hfb-mobile-header-display":"","site-post-title":"","ast-breadcrumbs-content":"","ast-featured-img":"","footer-sml-layout":"","theme-transparent-header-meta":"","adv-header-id-meta":"","stick-header-meta":"","header-above-stick-meta":"","header-main-stick-meta":"","header-below-stick-meta":"","two_page_speed":[]},"aioseo_notices":[],"_links":{"self":[{"href":"https:\/\/riedel-schatz.de\/index.php?rest_route=\/wp\/v2\/pages\/2834"}],"collection":[{"href":"https:\/\/riedel-schatz.de\/index.php?rest_route=\/wp\/v2\/pages"}],"about":[{"href":"https:\/\/riedel-schatz.de\/index.php?rest_route=\/wp\/v2\/types\/page"}],"author":[{"embeddable":true,"href":"https:\/\/riedel-schatz.de\/index.php?rest_route=\/wp\/v2\/users\/32"}],"replies":[{"embeddable":true,"href":"https:\/\/riedel-schatz.de\/index.php?rest_route=%2Fwp%2Fv2%2Fcomments&post=2834"}],"version-history":[{"count":12,"href":"https:\/\/riedel-schatz.de\/index.php?rest_route=\/wp\/v2\/pages\/2834\/revisions"}],"predecessor-version":[{"id":3924,"href":"https:\/\/riedel-schatz.de\/index.php?rest_route=\/wp\/v2\/pages\/2834\/revisions\/3924"}],"wp:attachment":[{"href":"https:\/\/riedel-schatz.de\/index.php?rest_route=%2Fwp%2Fv2%2Fmedia&parent=2834"}],"curies":[{"name":"wp","href":"https:\/\/api.w.org\/{rel}","templated":true}]}}