{"id":2832,"date":"2023-06-15T17:26:50","date_gmt":"2023-06-15T15:26:50","guid":{"rendered":"https:\/\/riedel-schatz.de\/?page_id=2832"},"modified":"2025-03-31T16:59:26","modified_gmt":"2025-03-31T14:59:26","slug":"firmenkunden-new","status":"publish","type":"page","link":"https:\/\/riedel-schatz.de\/?page_id=2832","title":{"rendered":"Firmenkunden"},"content":{"rendered":"\t\t<div data-elementor-type=\"wp-page\" data-elementor-id=\"2832\" class=\"elementor elementor-2832\">\n\t\t\t\t\t\t\t<div class=\"elementor-element elementor-element-a59d7df e-flex e-con-boxed e-con\" data-id=\"a59d7df\" data-element_type=\"container\" data-settings=\"{&quot;content_width&quot;:&quot;boxed&quot;}\">\n\t\t\t\t\t<div class=\"e-con-inner\">\n\t\t<div class=\"elementor-element elementor-element-b843324 e-con-full e-flex e-con\" data-id=\"b843324\" data-element_type=\"container\" data-settings=\"{&quot;content_width&quot;:&quot;full&quot;,&quot;background_background&quot;:&quot;classic&quot;}\">\n\t\t<div class=\"elementor-element elementor-element-7b1e04c e-flex e-con-boxed e-con\" data-id=\"7b1e04c\" data-element_type=\"container\" data-settings=\"{&quot;content_width&quot;:&quot;boxed&quot;}\">\n\t\t\t\t\t<div class=\"e-con-inner\">\n\t\t\t\t<div class=\"elementor-element elementor-element-01f8b78 jltma-glass-effect-no elementor-widget elementor-widget-heading\" data-id=\"01f8b78\" data-element_type=\"widget\" data-widget_type=\"heading.default\">\n\t\t\t\t<div class=\"elementor-widget-container\">\n\t\t\t<style>\/*! elementor - v3.15.0 - 20-08-2023 *\/\n.elementor-heading-title{padding:0;margin:0;line-height:1}.elementor-widget-heading .elementor-heading-title[class*=elementor-size-]>a{color:inherit;font-size:inherit;line-height:inherit}.elementor-widget-heading .elementor-heading-title.elementor-size-small{font-size:15px}.elementor-widget-heading .elementor-heading-title.elementor-size-medium{font-size:19px}.elementor-widget-heading .elementor-heading-title.elementor-size-large{font-size:29px}.elementor-widget-heading .elementor-heading-title.elementor-size-xl{font-size:39px}.elementor-widget-heading .elementor-heading-title.elementor-size-xxl{font-size:59px}<\/style><h2 class=\"elementor-heading-title elementor-size-default\">Herzlichen Dank!<\/h2>\t\t<\/div>\n\t\t\t\t<\/div>\n\t\t\t\t\t<\/div>\n\t\t\t\t<\/div>\n\t\t<div class=\"elementor-element elementor-element-e73b733 e-flex e-con-boxed e-con\" data-id=\"e73b733\" data-element_type=\"container\" data-settings=\"{&quot;background_background&quot;:&quot;classic&quot;,&quot;content_width&quot;:&quot;boxed&quot;}\">\n\t\t\t\t\t<div class=\"e-con-inner\">\n\t\t\t\t<div class=\"elementor-element elementor-element-250cbd8 jltma-glass-effect-no elementor-widget elementor-widget-text-editor\" data-id=\"250cbd8\" data-element_type=\"widget\" data-widget_type=\"text-editor.default\">\n\t\t\t\t<div class=\"elementor-widget-container\">\n\t\t\t<style>\/*! elementor - v3.15.0 - 20-08-2023 *\/\n.elementor-widget-text-editor.elementor-drop-cap-view-stacked .elementor-drop-cap{background-color:#69727d;color:#fff}.elementor-widget-text-editor.elementor-drop-cap-view-framed .elementor-drop-cap{color:#69727d;border:3px solid;background-color:transparent}.elementor-widget-text-editor:not(.elementor-drop-cap-view-default) .elementor-drop-cap{margin-top:8px}.elementor-widget-text-editor:not(.elementor-drop-cap-view-default) .elementor-drop-cap-letter{width:1em;height:1em}.elementor-widget-text-editor .elementor-drop-cap{float:left;text-align:center;line-height:1;font-size:50px}.elementor-widget-text-editor .elementor-drop-cap-letter{display:inline-block}<\/style>\t\t\t\t<p>Zaubern Sie Ihren Mitarbeitern und Kunden ein L\u00e4cheln aufs Gesicht. Mit unseren sch\u00f6nen Dingen, liebevoll verpackt, schenken Sie Freude und Sie k\u00f6nnen sich herzlich und angemessen bedanken. Wir beraten und unterst\u00fctzen Sie gerne. Hierf\u00fcr nehmen wir uns Zeit, auch au\u00dferhalb der \u00d6ffnungszeiten. Die restliche Organisation \u00fcbernehmen wir f\u00fcr Sie, sodass Sie und Ihr Geschenk noch lange in Erinnerung bleiben.<\/p><p><strong>Ihre Vorteile:<\/strong><\/p><ul><li>unserer Erfahrung aus 30 Jahren Riedel-Schatz<\/li><li>bei uns w\u00e4hlen Sie aus dem umfassenden Sortiment der Riedel-Schatz Welt<\/li><li>Attraktive Mengenrabatte f\u00fcr Firmenkunden<\/li><li>Ihre Geschenke werden von uns nach Ihren W\u00fcnschen kostenlos verpackt.<\/li><li>Lieferung zum vereinbarten Zeitpunkt an den entsprechenden Ort<\/li><li>Beratung durch Herr Riedel oder Frau Riedel-Schatz auch au\u00dferhalb der \u00d6ffnungszeiten<\/li><\/ul><p>Sie m\u00f6chten von unserem Service profitieren?<br \/>Dann f\u00fcllen Sie die Felder aus und schicken eine Mail , oder sie kontaktieren uns unter 07243-9492091. Herr Riedel wird sich dann telefonisch mit Ihnen in Verbindung setzen.<\/p>\t\t\t\t\t\t<\/div>\n\t\t\t\t<\/div>\n\t\t\t\t\t<\/div>\n\t\t\t\t<\/div>\n\t\t\t\t<\/div>\n\t\t<div class=\"elementor-element elementor-element-abad64d e-con-full e-flex e-con\" data-id=\"abad64d\" data-element_type=\"container\" data-settings=\"{&quot;content_width&quot;:&quot;full&quot;,&quot;background_background&quot;:&quot;classic&quot;}\">\n\t\t<div class=\"elementor-element elementor-element-8b53780 e-flex e-con-boxed e-con\" data-id=\"8b53780\" data-element_type=\"container\" data-settings=\"{&quot;background_background&quot;:&quot;classic&quot;,&quot;content_width&quot;:&quot;boxed&quot;}\">\n\t\t\t\t\t<div class=\"e-con-inner\">\n\t\t\t\t<div class=\"elementor-element elementor-element-e52dbb6 jltma-glass-effect-no elementor-widget elementor-widget-premium-contact-form\" data-id=\"e52dbb6\" data-element_type=\"widget\" data-widget_type=\"premium-contact-form.default\">\n\t\t\t\t<div class=\"elementor-widget-container\">\n\t\t\t\r\n\t\t\t<div class=\"premium-cf7-container\">\r\n\t\t\t\t\n<div class=\"wpcf7 no-js\" id=\"wpcf7-f1805-o1\" lang=\"de-DE\" dir=\"ltr\">\n<div class=\"screen-reader-response\"><p role=\"status\" aria-live=\"polite\" aria-atomic=\"true\"><\/p> <ul><\/ul><\/div>\n<form action=\"\/index.php?rest_route=%2Fwp%2Fv2%2Fpages%2F2832#wpcf7-f1805-o1\" method=\"post\" class=\"wpcf7-form init\" aria-label=\"Kontaktformular\" novalidate=\"novalidate\" data-status=\"init\">\n<div style=\"display: none;\">\n<input type=\"hidden\" name=\"_wpcf7\" value=\"1805\" \/>\n<input type=\"hidden\" name=\"_wpcf7_version\" value=\"5.8\" \/>\n<input type=\"hidden\" name=\"_wpcf7_locale\" value=\"de_DE\" \/>\n<input type=\"hidden\" name=\"_wpcf7_unit_tag\" value=\"wpcf7-f1805-o1\" \/>\n<input type=\"hidden\" name=\"_wpcf7_container_post\" value=\"0\" \/>\n<input type=\"hidden\" name=\"_wpcf7_posted_data_hash\" value=\"\" \/>\n<\/div>\n<p style=\"color:#fff!important\"><span class=\"wpcf7-form-control-wrap\" data-name=\"name\"><input size=\"40\" class=\"wpcf7-form-control wpcf7-text wpcf7-validates-as-required\" aria-required=\"true\" aria-invalid=\"false\" placeholder=\"Name, Nachname*\" value=\"\" type=\"text\" name=\"name\" \/><\/span>\n<\/p>\n<p><span class=\"wpcf7-form-control-wrap\" data-name=\"firma\"><input size=\"40\" class=\"wpcf7-form-control wpcf7-text wpcf7-validates-as-required\" aria-required=\"true\" aria-invalid=\"false\" placeholder=\"Firma*\" value=\"\" type=\"text\" name=\"firma\" \/><\/span>\n<\/p>\n<p><span class=\"wpcf7-form-control-wrap\" data-name=\"ansprechpartner\"><input size=\"40\" class=\"wpcf7-form-control wpcf7-text wpcf7-validates-as-required\" aria-required=\"true\" aria-invalid=\"false\" placeholder=\"Ansprechpartner*\" value=\"\" type=\"text\" name=\"ansprechpartner\" \/><\/span>\n<\/p>\n<p><span class=\"wpcf7-form-control-wrap\" data-name=\"email\"><input size=\"40\" class=\"wpcf7-form-control wpcf7-text wpcf7-validates-as-required\" aria-required=\"true\" aria-invalid=\"false\" placeholder=\"E-Mail*\" value=\"\" type=\"text\" name=\"email\" \/><\/span>\n<\/p>\n<p><span class=\"wpcf7-form-control-wrap\" data-name=\"tel\"><input size=\"40\" class=\"wpcf7-form-control wpcf7-text wpcf7-validates-as-required\" aria-required=\"true\" aria-invalid=\"false\" placeholder=\"Telefonnummer*\" value=\"\" type=\"text\" name=\"tel\" \/><\/span>\n<\/p>\n<p><span class=\"wpcf7-form-control-wrap\" data-name=\"Strasse\"><input size=\"40\" class=\"wpcf7-form-control wpcf7-text wpcf7-validates-as-required\" aria-required=\"true\" aria-invalid=\"false\" placeholder=\"Stra\u00dfe, Hausnr*\" value=\"\" type=\"text\" name=\"Strasse\" \/><\/span>\n<\/p>\n<p><span class=\"wpcf7-form-control-wrap\" data-name=\"Plz\"><input size=\"40\" class=\"wpcf7-form-control wpcf7-text wpcf7-validates-as-required\" aria-required=\"true\" aria-invalid=\"false\" placeholder=\"Plz, Ort*\" value=\"\" type=\"text\" name=\"Plz\" \/><\/span>\n<\/p>\n<p><span class=\"wpcf7-form-control-wrap\" data-name=\"Anlass\"><input size=\"40\" class=\"wpcf7-form-control wpcf7-text wpcf7-validates-as-required\" aria-required=\"true\" aria-invalid=\"false\" placeholder=\"Anlass*\" value=\"\" type=\"text\" name=\"Anlass\" \/><\/span>\n<\/p>\n<p style=\"font-size:10px;line-height:14px;margin-top:3px;margin-bottom:3px;color:white;text-align:justify\">Mit dem versenden dieser Nachricht willigen Sie ein, dass Ihre Daten von Riedel-Schatz zur Kontaktaufnahme verarbeitet werden. Weitere Infos finden Sie unter <a href=\"\/datenschutz\" target=\"_blank\">Datenschutz<\/a>\n<\/p>\n<p><input class=\"wpcf7-form-control wpcf7-submit has-spinner senden\" id=\"senden\" type=\"submit\" value=\"Senden\" \/>\n<\/p><div class=\"wpcf7-response-output\" aria-hidden=\"true\"><\/div>\n<\/form>\n<\/div>\n\t\t\t<\/div>\r\n\r\n\t\t\t\t\t<\/div>\n\t\t\t\t<\/div>\n\t\t\t\t\t<\/div>\n\t\t\t\t<\/div>\n\t\t\t\t<\/div>\n\t\t\t\t\t<\/div>\n\t\t\t\t<\/div>\n\t\t\t\t\t\t\t<\/div>\n\t\t","protected":false},"excerpt":{"rendered":"<p>Herzlichen Dank! Zaubern Sie Ihren Mitarbeitern und Kunden ein L\u00e4cheln aufs Gesicht. Mit unseren sch\u00f6nen Dingen, liebevoll verpackt, schenken Sie Freude und Sie k\u00f6nnen sich herzlich und angemessen bedanken. Wir beraten und unterst\u00fctzen Sie gerne. Hierf\u00fcr nehmen wir uns Zeit, auch au\u00dferhalb der \u00d6ffnungszeiten. Die restliche Organisation \u00fcbernehmen wir f\u00fcr Sie, sodass Sie und Ihr &hellip;<\/p>\n<p class=\"read-more\"> <a class=\"\" href=\"https:\/\/riedel-schatz.de\/?page_id=2832\"> <span class=\"screen-reader-text\">Firmenkunden<\/span> Weiterlesen &raquo;<\/a><\/p>\n","protected":false},"author":32,"featured_media":0,"parent":0,"menu_order":0,"comment_status":"closed","ping_status":"closed","template":"","meta":{"_monsterinsights_skip_tracking":false,"_monsterinsights_sitenote_active":false,"_monsterinsights_sitenote_note":"","_monsterinsights_sitenote_category":0,"site-sidebar-layout":"default","site-content-layout":"default","ast-global-header-display":"","ast-banner-title-visibility":"","ast-main-header-display":"","ast-hfb-above-header-display":"","ast-hfb-below-header-display":"","ast-hfb-mobile-header-display":"","site-post-title":"","ast-breadcrumbs-content":"","ast-featured-img":"","footer-sml-layout":"","theme-transparent-header-meta":"","adv-header-id-meta":"","stick-header-meta":"","header-above-stick-meta":"","header-main-stick-meta":"","header-below-stick-meta":"","two_page_speed":[]},"aioseo_notices":[],"_links":{"self":[{"href":"https:\/\/riedel-schatz.de\/index.php?rest_route=\/wp\/v2\/pages\/2832"}],"collection":[{"href":"https:\/\/riedel-schatz.de\/index.php?rest_route=\/wp\/v2\/pages"}],"about":[{"href":"https:\/\/riedel-schatz.de\/index.php?rest_route=\/wp\/v2\/types\/page"}],"author":[{"embeddable":true,"href":"https:\/\/riedel-schatz.de\/index.php?rest_route=\/wp\/v2\/users\/32"}],"replies":[{"embeddable":true,"href":"https:\/\/riedel-schatz.de\/index.php?rest_route=%2Fwp%2Fv2%2Fcomments&post=2832"}],"version-history":[{"count":18,"href":"https:\/\/riedel-schatz.de\/index.php?rest_route=\/wp\/v2\/pages\/2832\/revisions"}],"predecessor-version":[{"id":3935,"href":"https:\/\/riedel-schatz.de\/index.php?rest_route=\/wp\/v2\/pages\/2832\/revisions\/3935"}],"wp:attachment":[{"href":"https:\/\/riedel-schatz.de\/index.php?rest_route=%2Fwp%2Fv2%2Fmedia&parent=2832"}],"curies":[{"name":"wp","href":"https:\/\/api.w.org\/{rel}","templated":true}]}}