{"id":2708,"date":"2023-06-15T12:10:42","date_gmt":"2023-06-15T10:10:42","guid":{"rendered":"https:\/\/riedel-schatz.de\/?page_id=2708"},"modified":"2023-09-13T11:49:11","modified_gmt":"2023-09-13T09:49:11","slug":"geschichte-new","status":"publish","type":"page","link":"https:\/\/riedel-schatz.de\/?page_id=2708","title":{"rendered":"Geschichte"},"content":{"rendered":"\t\t<div data-elementor-type=\"wp-page\" data-elementor-id=\"2708\" class=\"elementor elementor-2708\">\n\t\t\t\t\t\t\t<div class=\"elementor-element elementor-element-5e1a04b e-con-full e-flex e-con\" data-id=\"5e1a04b\" data-element_type=\"container\" data-settings=\"{&quot;content_width&quot;:&quot;full&quot;}\">\n\t\t<div class=\"elementor-element elementor-element-c15b320 e-flex e-con-boxed e-con\" data-id=\"c15b320\" data-element_type=\"container\" data-settings=\"{&quot;content_width&quot;:&quot;boxed&quot;}\">\n\t\t\t\t\t<div class=\"e-con-inner\">\n\t\t\t\t<div class=\"elementor-element elementor-element-bc663f6 jltma-glass-effect-no elementor-widget elementor-widget-heading\" data-id=\"bc663f6\" data-element_type=\"widget\" data-widget_type=\"heading.default\">\n\t\t\t\t<div class=\"elementor-widget-container\">\n\t\t\t<style>\/*! elementor - v3.15.0 - 20-08-2023 *\/\n.elementor-heading-title{padding:0;margin:0;line-height:1}.elementor-widget-heading .elementor-heading-title[class*=elementor-size-]>a{color:inherit;font-size:inherit;line-height:inherit}.elementor-widget-heading .elementor-heading-title.elementor-size-small{font-size:15px}.elementor-widget-heading .elementor-heading-title.elementor-size-medium{font-size:19px}.elementor-widget-heading .elementor-heading-title.elementor-size-large{font-size:29px}.elementor-widget-heading .elementor-heading-title.elementor-size-xl{font-size:39px}.elementor-widget-heading .elementor-heading-title.elementor-size-xxl{font-size:59px}<\/style><h2 class=\"elementor-heading-title elementor-size-default\">Gr\u00fcnderjahre Riedel-Schatz<\/h2>\t\t<\/div>\n\t\t\t\t<\/div>\n\t\t\t\t<div class=\"elementor-element elementor-element-4ffa158 jltma-glass-effect-no elementor-widget elementor-widget-image\" data-id=\"4ffa158\" data-element_type=\"widget\" data-widget_type=\"image.default\">\n\t\t\t\t<div class=\"elementor-widget-container\">\n\t\t\t<style>\/*! elementor - v3.15.0 - 20-08-2023 *\/\n.elementor-widget-image{text-align:center}.elementor-widget-image a{display:inline-block}.elementor-widget-image a img[src$=\".svg\"]{width:48px}.elementor-widget-image img{vertical-align:middle;display:inline-block}<\/style>\t\t\t\t\t\t\t\t\t\t\t\t<img decoding=\"async\" width=\"1024\" height=\"465\" src=\"https:\/\/riedel-schatz.de\/wp-content\/uploads\/2016\/08\/ueber-uns-1024x465.jpg\" class=\"attachment-large size-large wp-image-1007\" alt=\"\" loading=\"lazy\" srcset=\"https:\/\/riedel-schatz.de\/wp-content\/uploads\/2016\/08\/ueber-uns-1024x465.jpg 1024w, https:\/\/riedel-schatz.de\/wp-content\/uploads\/2016\/08\/ueber-uns-300x136.jpg 300w, https:\/\/riedel-schatz.de\/wp-content\/uploads\/2016\/08\/ueber-uns-768x349.jpg 768w, https:\/\/riedel-schatz.de\/wp-content\/uploads\/2016\/08\/ueber-uns-200x91.jpg 200w, https:\/\/riedel-schatz.de\/wp-content\/uploads\/2016\/08\/ueber-uns-400x182.jpg 400w, https:\/\/riedel-schatz.de\/wp-content\/uploads\/2016\/08\/ueber-uns-600x273.jpg 600w, https:\/\/riedel-schatz.de\/wp-content\/uploads\/2016\/08\/ueber-uns-800x364.jpg 800w, https:\/\/riedel-schatz.de\/wp-content\/uploads\/2016\/08\/ueber-uns.jpg 1100w\" sizes=\"(max-width: 1024px) 100vw, 1024px\" \/>\t\t\t\t\t\t\t\t\t\t\t\t\t\t\t<\/div>\n\t\t\t\t<\/div>\n\t\t\t\t\t<\/div>\n\t\t\t\t<\/div>\n\t\t\t\t<\/div>\n\t\t<div class=\"elementor-element elementor-element-9c2ab65 e-flex e-con-boxed e-con\" data-id=\"9c2ab65\" data-element_type=\"container\" data-settings=\"{&quot;content_width&quot;:&quot;boxed&quot;}\">\n\t\t\t\t\t<div class=\"e-con-inner\">\n\t\t<div class=\"elementor-element elementor-element-3bba5ba e-flex e-con-boxed e-con\" data-id=\"3bba5ba\" data-element_type=\"container\" data-settings=\"{&quot;content_width&quot;:&quot;boxed&quot;}\">\n\t\t\t\t\t<div class=\"e-con-inner\">\n\t\t\t\t<div class=\"elementor-element elementor-element-f617a64 jltma-glass-effect-no elementor-widget elementor-widget-text-editor\" data-id=\"f617a64\" data-element_type=\"widget\" data-widget_type=\"text-editor.default\">\n\t\t\t\t<div class=\"elementor-widget-container\">\n\t\t\t<style>\/*! elementor - v3.15.0 - 20-08-2023 *\/\n.elementor-widget-text-editor.elementor-drop-cap-view-stacked .elementor-drop-cap{background-color:#69727d;color:#fff}.elementor-widget-text-editor.elementor-drop-cap-view-framed .elementor-drop-cap{color:#69727d;border:3px solid;background-color:transparent}.elementor-widget-text-editor:not(.elementor-drop-cap-view-default) .elementor-drop-cap{margin-top:8px}.elementor-widget-text-editor:not(.elementor-drop-cap-view-default) .elementor-drop-cap-letter{width:1em;height:1em}.elementor-widget-text-editor .elementor-drop-cap{float:left;text-align:center;line-height:1;font-size:50px}.elementor-widget-text-editor .elementor-drop-cap-letter{display:inline-block}<\/style>\t\t\t\t<p>Die Anf\u00e4nge von Riedel-Schatz liegen in einer Nacht im November 1995, dem Geburtstag von Christine Riedel-Schatz, meiner Mutter.<br \/>Am sp\u00e4ten Abend sa\u00df eine Gruppe von Freunden im Hobbyraum beisammen. Ein Freund, der gerade die Firma Rosenthal in Selb als Unternehmensberater beriet, erz\u00e4hlte wie viel Porzellan mit kleineren Fehlern dort anfiel und dann im Fabrikverkauf viel g\u00fcnstiger angeboten wurde.<br \/>Die Idee des ersten Gesch\u00e4ftes war geboren.<br \/>Ich war damals 20 Jahre und studierte in Mannheim im 2. Semester BWL. Das Gelernte wollte ich schnell in die Praxis umsetzen und mein eigenes Gesch\u00e4ft er\u00f6ffnen.<\/p><p>Meine Mutter unterst\u00fctzte meine zu diesem Zeitpunkt verr\u00fcckte Idee (das Studium in Mannheim durfte nat\u00fcrlich auch nicht leiden!) und war von da an meiner Seite. Wir wuchsen auch gesch\u00e4ftlich zu einem guten Team zusammen und so konnte der Traum vom eigenen Gesch\u00e4ft wahr werden.<\/p><p>Mein Startkapital betrug 10.000 Mark, deshalb musste \u00fcberall gespart werden. Ein Ladenlokal war dann aber schnell gefunden \u2026.F\u00fcr eine Monatsmiete von 270 Mark zogen wir in die Hirschgasse nach Ettlingen (eine Parallelstra\u00dfe zur Kronenstra\u00dfe). Von meiner Oma bekam ich zum Start einen Holzbollerofen, da es in den R\u00e4umlichkeiten keine Heizung gab und mit Hilfe von Freunden wurde renoviert. Der Name des ersten Gesch\u00e4ftes ging auf einen Vorschlag meiner damaligen Freundin zur\u00fcck, die w\u00e4hrend einer Fahrt \u00fcber die Tangente von Karlsruhe meinte: \u201eNenn dein Gesch\u00e4ft doch Porzellankiste!\u201c\u2026. Und so er\u00f6ffnete ich die Porzellankiste im M\u00e4rz 1996.<\/p><p>Wir blieben dann f\u00fcr 2 Jahre in der Hirschgasse. In dieser Zeit entwickelten wir uns weiter und wuchsen, sodass ein Umzug anstand.<\/p><p>In der Leopoldstra\u00dfe fanden wir gr\u00f6\u00dfere R\u00e4umlichkeiten, und so konnte sich das Gesch\u00e4ft von einem Porzellangesch\u00e4ft in ein Geschenkgesch\u00e4ft mit Heimtextilien, Glaswaren, Porzellan, Silber und auch schon etwas Modeschmuck entwickeln.<br \/>Doch nach 5 Jahren wurde auch dieses Gesch\u00e4ft zu klein und so begann wieder die Suche nach neuen R\u00e4umen.<\/p><p>Noch heute erz\u00e4hlen wir die Geschichte von der Renovierung und Umzug in die heutigen R\u00e4umlichkeiten, denn sie dauerte genau eine Woche. Wir fingen am Montag an das alte Ladenlokal auszur\u00e4umen (Abbau der Regale, der S\u00e4ulen, des gesamten Lagers und der Ware)<br \/>das neue Gesch\u00e4ft zu renovieren (W\u00e4nde streichen, Wand entfernen, Regale an die W\u00e4nde d\u00fcbeln, M\u00f6bel aufbauen und Ware einsortieren) um dann zum verkaufsoffenen Sonntag um 13.00 Uhr zu er\u00f6ffnen!<\/p><p>Ohne gute Freunde, eine starke Familie und ein tolles Team w\u00e4re das nicht m\u00f6glich gewesen!<\/p><p>Nur 6 Monate sp\u00e4ter bekamen wir die Chance uns weiter zu vergr\u00f6\u00dfern und er\u00f6ffneten direkt nebenan das neues Juweliergesch\u00e4ft.<br \/>Auch hier lie\u00dfen wir uns nicht viel Zeit. Ein Durchbruch wurde zwischen den beiden Gesch\u00e4ften gebrochen, ohne auch nur f\u00fcr einen Tag zu schlie\u00dfen. So konnten wir 3 Wochen nach der Zusage des Vermieters das zweite Standbein von Riedel-Schatz er\u00f6ffnen.<\/p><p>In dieser Zeit \u00e4nderte sich auch der Name von Porzellankiste in Riedel-Schatz.<br \/>Da meine Mutter mir half wo es nur ging war f\u00fcr mich klar, dass ich meine Gesch\u00e4fte nach Ihr nennen wollte\u2026. Riedel-Schatz<\/p><p>Das 3. Gesch\u00e4ft und gleichzeitig auch 3. Standbein wurde dann 2009 in Karlsruhe er\u00f6ffnet. Die Sparte Mode kam dazu und somit die erste Fashion Boutique von Riedel-Schatz.<br \/>Aber so einfach wie es sich anh\u00f6rt war es dann auch wieder nicht. Die Mode war geordert, das Personal gefunden, nur die R\u00e4umlichkeiten fehlten\u2026 Eines Abends lief ich durch die Erbprinzenstra\u00dfe und verliebte mich in die offenen R\u00e4ume mit Galerie und Innenhof in zentraler Lage. Etwas Gl\u00fcck muss auch dabei sein und so bekamen wir auf den letzten Dr\u00fccker eine Immobilie f\u00fcr unsere n\u00e4chste Gesch\u00e4ftsidee.<\/p><p>Das Karlsruher Gesch\u00e4ft, anf\u00e4nglich mit Schuhen, etwas Mode und einer ganzen Etage Geschenkartikel, \u00e4nderte etwa nach einem Jahr seine Ausrichtung und konzentrierte sich seit dem ausschlie\u00dflich auf besondere Mode und Schuhe. Das Konzept ging auf und nach immer gr\u00f6\u00dferer Beliebtheit er\u00f6ffneten wir 2014 die 2. Modeboutique im Herzen der Ettlinger Altstadt als Antwort auf die gro\u00dfe Baustelle der U-Bahn in Karlsruhe. Auch hier war es recht turbulent, denn im selben Monat heiratete ich. W\u00e4hrend unserer Hochzeitsreise managte meine Mutter die immensen Umbauarbeiten. Gerade 2 Tage nach der R\u00fcckkehr aus dem Honeymoon \u00f6ffneten wir gl\u00fccklich aber nach noch 2 durchgearbeiteten N\u00e4chten und riesen Augenringen die T\u00fcren.<\/p><p>Anfang 2016 wurde in Karlsruhe die Empore zu einem lichtdurchfluteten Exklusivbereich umgebaut und p\u00fcnktlich zur Modenschau er\u00f6ffnet.<br \/>Nur 2 Jahre sp\u00e4ter \u2013 2018 \u2013 starteten wir den n\u00e4chsten Umbau: Unsere Juwelier Filiale wurde exklusiver und es entstand ein hochwertiger Juwelier Bereich mit eigener Bar, Trauring-Lounge und exklusiven Marken.<\/p><p>Was dann in den Folgejahren kam, wissen wir alle leider nur zu gut\u2026<br \/>Der Kampf ums wirtschaftliche \u00dcberleben\u2026<br \/>Aber wir haben es geschafft und so geht der neue Weg von Riedel-Schatz weiter\u2026 und wer mich kennt, braucht nicht lange nachzudenken.<\/p><p>Vorfreude steht an! Grund hierf\u00fcr ist der Umzug unserer Karlsruher Mode Filiale. <br \/>Nach fast 15 Jahren in der Erbprinzenstra\u00dfe ziehen wir in die sympathische Herrenstra\u00dfe im Herzen von Karlsruhe.<br \/>Nach wochenlangen Umbauarbeiten er\u00f6ffnet unsere Filiale am 22. September 2023 seine T\u00fcren.<\/p><p>Wir danken all unseren Kollegen und Kunden, die uns w\u00e4hrend der letzten 27 Jahren auf unserem turbulenten Weg begleitet haben und freuen uns schon jetzt auf die Fortsetzung\u2026<\/p>\t\t\t\t\t\t<\/div>\n\t\t\t\t<\/div>\n\t\t<div class=\"elementor-element elementor-element-0364b81 e-flex e-con-boxed e-con\" data-id=\"0364b81\" data-element_type=\"container\" data-settings=\"{&quot;content_width&quot;:&quot;boxed&quot;}\">\n\t\t\t\t\t<div class=\"e-con-inner\">\n\t\t<div class=\"elementor-element elementor-element-2104c4a e-flex e-con-boxed e-con\" data-id=\"2104c4a\" data-element_type=\"container\" data-settings=\"{&quot;content_width&quot;:&quot;boxed&quot;}\">\n\t\t\t\t\t<div class=\"e-con-inner\">\n\t\t\t\t<div class=\"elementor-element elementor-element-c42c694 jltma-glass-effect-no elementor-widget elementor-widget-image\" data-id=\"c42c694\" data-element_type=\"widget\" data-widget_type=\"image.default\">\n\t\t\t\t<div class=\"elementor-widget-container\">\n\t\t\t\t\t\t\t\t\t\t\t\t\t\t\t<img decoding=\"async\" width=\"305\" height=\"91\" src=\"https:\/\/riedel-schatz.de\/wp-content\/uploads\/2016\/08\/Sig-Riedel.png\" class=\"attachment-large size-large wp-image-1009\" alt=\"\" loading=\"lazy\" srcset=\"https:\/\/riedel-schatz.de\/wp-content\/uploads\/2016\/08\/Sig-Riedel.png 305w, https:\/\/riedel-schatz.de\/wp-content\/uploads\/2016\/08\/Sig-Riedel-300x91.png 300w, https:\/\/riedel-schatz.de\/wp-content\/uploads\/2016\/08\/Sig-Riedel-200x60.png 200w\" sizes=\"(max-width: 305px) 100vw, 305px\" \/>\t\t\t\t\t\t\t\t\t\t\t\t\t\t\t<\/div>\n\t\t\t\t<\/div>\n\t\t\t\t<div class=\"elementor-element elementor-element-c632bea jltma-glass-effect-no elementor-widget elementor-widget-text-editor\" data-id=\"c632bea\" data-element_type=\"widget\" data-widget_type=\"text-editor.default\">\n\t\t\t\t<div class=\"elementor-widget-container\">\n\t\t\t\t\t\t\t<p>Markus Riedel<\/p>\t\t\t\t\t\t<\/div>\n\t\t\t\t<\/div>\n\t\t\t\t\t<\/div>\n\t\t\t\t<\/div>\n\t\t<div class=\"elementor-element elementor-element-45e9450 e-flex e-con-boxed e-con\" data-id=\"45e9450\" data-element_type=\"container\" data-settings=\"{&quot;content_width&quot;:&quot;boxed&quot;}\">\n\t\t\t\t\t<div class=\"e-con-inner\">\n\t\t\t\t<div class=\"elementor-element elementor-element-3e78882 jltma-glass-effect-no elementor-widget elementor-widget-image\" data-id=\"3e78882\" data-element_type=\"widget\" data-widget_type=\"image.default\">\n\t\t\t\t<div class=\"elementor-widget-container\">\n\t\t\t\t\t\t\t\t\t\t\t\t\t\t\t<img decoding=\"async\" width=\"300\" height=\"99\" src=\"https:\/\/riedel-schatz.de\/wp-content\/uploads\/2016\/08\/RS1-300x99.jpg\" class=\"attachment-medium size-medium wp-image-1289\" alt=\"\" loading=\"lazy\" srcset=\"https:\/\/riedel-schatz.de\/wp-content\/uploads\/2016\/08\/RS1-300x99.jpg 300w, https:\/\/riedel-schatz.de\/wp-content\/uploads\/2016\/08\/RS1-768x252.jpg 768w, https:\/\/riedel-schatz.de\/wp-content\/uploads\/2016\/08\/RS1-200x66.jpg 200w, https:\/\/riedel-schatz.de\/wp-content\/uploads\/2016\/08\/RS1-400x132.jpg 400w, https:\/\/riedel-schatz.de\/wp-content\/uploads\/2016\/08\/RS1-600x197.jpg 600w, https:\/\/riedel-schatz.de\/wp-content\/uploads\/2016\/08\/RS1.jpg 800w\" sizes=\"(max-width: 300px) 100vw, 300px\" \/>\t\t\t\t\t\t\t\t\t\t\t\t\t\t\t<\/div>\n\t\t\t\t<\/div>\n\t\t\t\t<div class=\"elementor-element elementor-element-57d4a49 jltma-glass-effect-no elementor-widget elementor-widget-text-editor\" data-id=\"57d4a49\" data-element_type=\"widget\" data-widget_type=\"text-editor.default\">\n\t\t\t\t<div class=\"elementor-widget-container\">\n\t\t\t\t\t\t\t<p>Christel Riedel-Schatz<\/p>\t\t\t\t\t\t<\/div>\n\t\t\t\t<\/div>\n\t\t\t\t\t<\/div>\n\t\t\t\t<\/div>\n\t\t\t\t\t<\/div>\n\t\t\t\t<\/div>\n\t\t\t\t\t<\/div>\n\t\t\t\t<\/div>\n\t\t\t\t\t<\/div>\n\t\t\t\t<\/div>\n\t\t<div class=\"elementor-element elementor-element-d86dc5a e-flex e-con-boxed e-con\" data-id=\"d86dc5a\" data-element_type=\"container\" data-settings=\"{&quot;content_width&quot;:&quot;boxed&quot;}\">\n\t\t\t\t\t<div class=\"e-con-inner\">\n\t\t<div class=\"elementor-element elementor-element-9fd22a7 e-flex e-con-boxed e-con\" data-id=\"9fd22a7\" data-element_type=\"container\" data-settings=\"{&quot;content_width&quot;:&quot;boxed&quot;}\">\n\t\t\t\t\t<div class=\"e-con-inner\">\n\t\t\t\t<div class=\"elementor-element elementor-element-37b580a jltma-glass-effect-no elementor-widget elementor-widget-heading\" data-id=\"37b580a\" data-element_type=\"widget\" data-widget_type=\"heading.default\">\n\t\t\t\t<div class=\"elementor-widget-container\">\n\t\t\t<h2 class=\"elementor-heading-title elementor-size-default\">Riedel-Schatz ganz nah<\/h2>\t\t<\/div>\n\t\t\t\t<\/div>\n\t\t\t\t\t<\/div>\n\t\t\t\t<\/div>\n\t\t\t\t\t<\/div>\n\t\t\t\t<\/div>\n\t\t\t\t\t\t\t<\/div>\n\t\t","protected":false},"excerpt":{"rendered":"<p>Gr\u00fcnderjahre Riedel-Schatz Die Anf\u00e4nge von Riedel-Schatz liegen in einer Nacht im November 1995, dem Geburtstag von Christine Riedel-Schatz, meiner Mutter.Am sp\u00e4ten Abend sa\u00df eine Gruppe von Freunden im Hobbyraum beisammen. Ein Freund, der gerade die Firma Rosenthal in Selb als Unternehmensberater beriet, erz\u00e4hlte wie viel Porzellan mit kleineren Fehlern dort anfiel und dann im Fabrikverkauf &hellip;<\/p>\n<p class=\"read-more\"> <a class=\"\" href=\"https:\/\/riedel-schatz.de\/?page_id=2708\"> <span class=\"screen-reader-text\">Geschichte<\/span> Weiterlesen &raquo;<\/a><\/p>\n","protected":false},"author":32,"featured_media":0,"parent":0,"menu_order":0,"comment_status":"closed","ping_status":"closed","template":"","meta":{"_monsterinsights_skip_tracking":false,"_monsterinsights_sitenote_active":false,"_monsterinsights_sitenote_note":"","_monsterinsights_sitenote_category":0,"site-sidebar-layout":"default","site-content-layout":"default","ast-global-header-display":"","ast-banner-title-visibility":"","ast-main-header-display":"","ast-hfb-above-header-display":"","ast-hfb-below-header-display":"","ast-hfb-mobile-header-display":"","site-post-title":"","ast-breadcrumbs-content":"","ast-featured-img":"","footer-sml-layout":"","theme-transparent-header-meta":"","adv-header-id-meta":"","stick-header-meta":"","header-above-stick-meta":"","header-main-stick-meta":"","header-below-stick-meta":"","two_page_speed":[]},"aioseo_notices":[],"_links":{"self":[{"href":"https:\/\/riedel-schatz.de\/index.php?rest_route=\/wp\/v2\/pages\/2708"}],"collection":[{"href":"https:\/\/riedel-schatz.de\/index.php?rest_route=\/wp\/v2\/pages"}],"about":[{"href":"https:\/\/riedel-schatz.de\/index.php?rest_route=\/wp\/v2\/types\/page"}],"author":[{"embeddable":true,"href":"https:\/\/riedel-schatz.de\/index.php?rest_route=\/wp\/v2\/users\/32"}],"replies":[{"embeddable":true,"href":"https:\/\/riedel-schatz.de\/index.php?rest_route=%2Fwp%2Fv2%2Fcomments&post=2708"}],"version-history":[{"count":17,"href":"https:\/\/riedel-schatz.de\/index.php?rest_route=\/wp\/v2\/pages\/2708\/revisions"}],"predecessor-version":[{"id":3647,"href":"https:\/\/riedel-schatz.de\/index.php?rest_route=\/wp\/v2\/pages\/2708\/revisions\/3647"}],"wp:attachment":[{"href":"https:\/\/riedel-schatz.de\/index.php?rest_route=%2Fwp%2Fv2%2Fmedia&parent=2708"}],"curies":[{"name":"wp","href":"https:\/\/api.w.org\/{rel}","templated":true}]}}